{"id":9073,"date":"2023-09-14T15:04:57","date_gmt":"2023-09-14T13:04:57","guid":{"rendered":"https:\/\/byhorn.com\/startsida\/"},"modified":"2026-04-01T08:14:15","modified_gmt":"2026-04-01T06:14:15","slug":"startsida","status":"publish","type":"page","link":"https:\/\/byhorn.com\/sv\/","title":{"rendered":"Startsida"},"content":{"rendered":"","protected":false},"excerpt":{"rendered":"","protected":false},"author":2,"featured_media":8273,"parent":0,"menu_order":0,"comment_status":"closed","ping_status":"closed","template":"","meta":{"_acf_changed":false,"inline_featured_image":false,"footnotes":""},"class_list":["post-9073","page","type-page","status-publish","has-post-thumbnail","hentry"],"acf":[],"yoast_head":"<!-- This site is optimized with the Yoast SEO plugin v26.3 - https:\/\/yoast.com\/wordpress\/plugins\/seo\/ -->\n<title>Startsida - HORN Bordplader<\/title>\n<meta name=\"description\" content=\"F\u00e5 inspiration till att v\u00e4lja b\u00e4nkskiva till ditt dr\u00f6mk\u00f6k. Vi \u00e4r en totalleverant\u00f6r av h\u00f6gkvalitativa b\u00e4nkskivor med certifieringar.\" \/>\n<meta name=\"robots\" content=\"index, follow, max-snippet:-1, max-image-preview:large, max-video-preview:-1\" \/>\n<link rel=\"canonical\" href=\"https:\/\/byhorn.com\/sv\/\" \/>\n<meta property=\"og:locale\" content=\"sv_SE\" \/>\n<meta property=\"og:type\" content=\"article\" \/>\n<meta property=\"og:title\" content=\"Startsida - HORN Bordplader\" \/>\n<meta property=\"og:description\" content=\"F\u00e5 inspiration till att v\u00e4lja b\u00e4nkskiva till ditt dr\u00f6mk\u00f6k. Vi \u00e4r en totalleverant\u00f6r av h\u00f6gkvalitativa b\u00e4nkskivor med certifieringar.\" \/>\n<meta property=\"og:url\" content=\"https:\/\/byhorn.com\/sv\/\" \/>\n<meta property=\"og:site_name\" content=\"HORN Bordplader\" \/>\n<meta property=\"article:modified_time\" content=\"2026-04-01T06:14:15+00:00\" \/>\n<meta property=\"og:image\" content=\"https:\/\/byhorn.com\/wp-content\/uploads\/2023\/09\/C0P2021.jpg\" \/>\n\t<meta property=\"og:image:width\" content=\"1000\" \/>\n\t<meta property=\"og:image:height\" content=\"667\" \/>\n\t<meta property=\"og:image:type\" content=\"image\/jpeg\" \/>\n<meta name=\"twitter:card\" content=\"summary_large_image\" \/>\n<meta name=\"twitter:label1\" content=\"Ber\u00e4knad l\u00e4stid\" \/>\n\t<meta name=\"twitter:data1\" content=\"1 minut\" \/>\n<script type=\"application\/ld+json\" class=\"yoast-schema-graph\">{\"@context\":\"https:\/\/schema.org\",\"@graph\":[{\"@type\":\"WebPage\",\"@id\":\"https:\/\/byhorn.com\/sv\/\",\"url\":\"https:\/\/byhorn.com\/sv\/\",\"name\":\"Startsida - HORN Bordplader\",\"isPartOf\":{\"@id\":\"https:\/\/byhorn.com\/sv\/#website\"},\"primaryImageOfPage\":{\"@id\":\"https:\/\/byhorn.com\/sv\/#primaryimage\"},\"image\":{\"@id\":\"https:\/\/byhorn.com\/sv\/#primaryimage\"},\"thumbnailUrl\":\"https:\/\/byhorn.com\/wp-content\/uploads\/2023\/09\/C0P2021.jpg\",\"datePublished\":\"2023-09-14T13:04:57+00:00\",\"dateModified\":\"2026-04-01T06:14:15+00:00\",\"description\":\"F\u00e5 inspiration till att v\u00e4lja b\u00e4nkskiva till ditt dr\u00f6mk\u00f6k. Vi \u00e4r en totalleverant\u00f6r av h\u00f6gkvalitativa b\u00e4nkskivor med certifieringar.\",\"breadcrumb\":{\"@id\":\"https:\/\/byhorn.com\/sv\/#breadcrumb\"},\"inLanguage\":\"sv-SE\",\"potentialAction\":[{\"@type\":\"ReadAction\",\"target\":[\"https:\/\/byhorn.com\/sv\/\"]}]},{\"@type\":\"ImageObject\",\"inLanguage\":\"sv-SE\",\"@id\":\"https:\/\/byhorn.com\/sv\/#primaryimage\",\"url\":\"https:\/\/byhorn.com\/wp-content\/uploads\/2023\/09\/C0P2021.jpg\",\"contentUrl\":\"https:\/\/byhorn.com\/wp-content\/uploads\/2023\/09\/C0P2021.jpg\",\"width\":1000,\"height\":667},{\"@type\":\"BreadcrumbList\",\"@id\":\"https:\/\/byhorn.com\/sv\/#breadcrumb\",\"itemListElement\":[{\"@type\":\"ListItem\",\"position\":1,\"name\":\"Framsida\",\"item\":\"https:\/\/byhorn.com\/sv\/\"},{\"@type\":\"ListItem\",\"position\":2,\"name\":\"Startsida\"}]},{\"@type\":\"WebSite\",\"@id\":\"https:\/\/byhorn.com\/sv\/#website\",\"url\":\"https:\/\/byhorn.com\/sv\/\",\"name\":\"HORN Bordplader\",\"description\":\"\",\"potentialAction\":[{\"@type\":\"SearchAction\",\"target\":{\"@type\":\"EntryPoint\",\"urlTemplate\":\"https:\/\/byhorn.com\/sv\/?s={search_term_string}\"},\"query-input\":{\"@type\":\"PropertyValueSpecification\",\"valueRequired\":true,\"valueName\":\"search_term_string\"}}],\"inLanguage\":\"sv-SE\"}]}<\/script>\n<!-- \/ Yoast SEO plugin. -->","yoast_head_json":{"title":"Startsida - HORN Bordplader","description":"F\u00e5 inspiration till att v\u00e4lja b\u00e4nkskiva till ditt dr\u00f6mk\u00f6k. Vi \u00e4r en totalleverant\u00f6r av h\u00f6gkvalitativa b\u00e4nkskivor med certifieringar.","robots":{"index":"index","follow":"follow","max-snippet":"max-snippet:-1","max-image-preview":"max-image-preview:large","max-video-preview":"max-video-preview:-1"},"canonical":"https:\/\/byhorn.com\/sv\/","og_locale":"sv_SE","og_type":"article","og_title":"Startsida - HORN Bordplader","og_description":"F\u00e5 inspiration till att v\u00e4lja b\u00e4nkskiva till ditt dr\u00f6mk\u00f6k. Vi \u00e4r en totalleverant\u00f6r av h\u00f6gkvalitativa b\u00e4nkskivor med certifieringar.","og_url":"https:\/\/byhorn.com\/sv\/","og_site_name":"HORN Bordplader","article_modified_time":"2026-04-01T06:14:15+00:00","og_image":[{"width":1000,"height":667,"url":"https:\/\/byhorn.com\/wp-content\/uploads\/2023\/09\/C0P2021.jpg","type":"image\/jpeg"}],"twitter_card":"summary_large_image","twitter_misc":{"Ber\u00e4knad l\u00e4stid":"1 minut"},"schema":{"@context":"https:\/\/schema.org","@graph":[{"@type":"WebPage","@id":"https:\/\/byhorn.com\/sv\/","url":"https:\/\/byhorn.com\/sv\/","name":"Startsida - HORN Bordplader","isPartOf":{"@id":"https:\/\/byhorn.com\/sv\/#website"},"primaryImageOfPage":{"@id":"https:\/\/byhorn.com\/sv\/#primaryimage"},"image":{"@id":"https:\/\/byhorn.com\/sv\/#primaryimage"},"thumbnailUrl":"https:\/\/byhorn.com\/wp-content\/uploads\/2023\/09\/C0P2021.jpg","datePublished":"2023-09-14T13:04:57+00:00","dateModified":"2026-04-01T06:14:15+00:00","description":"F\u00e5 inspiration till att v\u00e4lja b\u00e4nkskiva till ditt dr\u00f6mk\u00f6k. Vi \u00e4r en totalleverant\u00f6r av h\u00f6gkvalitativa b\u00e4nkskivor med certifieringar.","breadcrumb":{"@id":"https:\/\/byhorn.com\/sv\/#breadcrumb"},"inLanguage":"sv-SE","potentialAction":[{"@type":"ReadAction","target":["https:\/\/byhorn.com\/sv\/"]}]},{"@type":"ImageObject","inLanguage":"sv-SE","@id":"https:\/\/byhorn.com\/sv\/#primaryimage","url":"https:\/\/byhorn.com\/wp-content\/uploads\/2023\/09\/C0P2021.jpg","contentUrl":"https:\/\/byhorn.com\/wp-content\/uploads\/2023\/09\/C0P2021.jpg","width":1000,"height":667},{"@type":"BreadcrumbList","@id":"https:\/\/byhorn.com\/sv\/#breadcrumb","itemListElement":[{"@type":"ListItem","position":1,"name":"Framsida","item":"https:\/\/byhorn.com\/sv\/"},{"@type":"ListItem","position":2,"name":"Startsida"}]},{"@type":"WebSite","@id":"https:\/\/byhorn.com\/sv\/#website","url":"https:\/\/byhorn.com\/sv\/","name":"HORN Bordplader","description":"","potentialAction":[{"@type":"SearchAction","target":{"@type":"EntryPoint","urlTemplate":"https:\/\/byhorn.com\/sv\/?s={search_term_string}"},"query-input":{"@type":"PropertyValueSpecification","valueRequired":true,"valueName":"search_term_string"}}],"inLanguage":"sv-SE"}]}},"_links":{"self":[{"href":"https:\/\/byhorn.com\/sv\/wp-json\/wp\/v2\/pages\/9073","targetHints":{"allow":["GET"]}}],"collection":[{"href":"https:\/\/byhorn.com\/sv\/wp-json\/wp\/v2\/pages"}],"about":[{"href":"https:\/\/byhorn.com\/sv\/wp-json\/wp\/v2\/types\/page"}],"author":[{"embeddable":true,"href":"https:\/\/byhorn.com\/sv\/wp-json\/wp\/v2\/users\/2"}],"replies":[{"embeddable":true,"href":"https:\/\/byhorn.com\/sv\/wp-json\/wp\/v2\/comments?post=9073"}],"version-history":[{"count":5,"href":"https:\/\/byhorn.com\/sv\/wp-json\/wp\/v2\/pages\/9073\/revisions"}],"predecessor-version":[{"id":13776,"href":"https:\/\/byhorn.com\/sv\/wp-json\/wp\/v2\/pages\/9073\/revisions\/13776"}],"wp:featuredmedia":[{"embeddable":true,"href":"https:\/\/byhorn.com\/sv\/wp-json\/wp\/v2\/media\/8273"}],"wp:attachment":[{"href":"https:\/\/byhorn.com\/sv\/wp-json\/wp\/v2\/media?parent=9073"}],"curies":[{"name":"wp","href":"https:\/\/api.w.org\/{rel}","templated":true}]}}