{"id":9208,"date":"2023-09-14T15:04:57","date_gmt":"2023-09-14T13:04:57","guid":{"rendered":"https:\/\/byhorn.com\/forside\/"},"modified":"2026-04-01T08:13:51","modified_gmt":"2026-04-01T06:13:51","slug":"forside","status":"publish","type":"page","link":"https:\/\/byhorn.com\/no\/","title":{"rendered":"Forside"},"content":{"rendered":"","protected":false},"excerpt":{"rendered":"","protected":false},"author":2,"featured_media":8272,"parent":0,"menu_order":0,"comment_status":"closed","ping_status":"closed","template":"","meta":{"_acf_changed":false,"inline_featured_image":false,"footnotes":""},"class_list":["post-9208","page","type-page","status-publish","has-post-thumbnail","hentry"],"acf":[],"yoast_head":"<!-- This site is optimized with the Yoast SEO plugin v26.3 - https:\/\/yoast.com\/wordpress\/plugins\/seo\/ -->\n<title>Forside - HORN Bordplader<\/title>\n<meta name=\"description\" content=\"Bli inspirert til \u00e5 velge en benkeplate til ditt dr\u00f8mmekj\u00f8kken. Vi er totalleverand\u00f8r av benkeplater til kj\u00f8kkenet i h\u00f8y kvalitet med sertifiseringer.\" \/>\n<meta name=\"robots\" content=\"index, follow, max-snippet:-1, max-image-preview:large, max-video-preview:-1\" \/>\n<link rel=\"canonical\" href=\"https:\/\/byhorn.com\/no\/\" \/>\n<meta property=\"og:locale\" content=\"nb_NO\" \/>\n<meta property=\"og:type\" content=\"article\" \/>\n<meta property=\"og:title\" content=\"Forside - HORN Bordplader\" \/>\n<meta property=\"og:description\" content=\"Bli inspirert til \u00e5 velge en benkeplate til ditt dr\u00f8mmekj\u00f8kken. Vi er totalleverand\u00f8r av benkeplater til kj\u00f8kkenet i h\u00f8y kvalitet med sertifiseringer.\" \/>\n<meta property=\"og:url\" content=\"https:\/\/byhorn.com\/no\/\" \/>\n<meta property=\"og:site_name\" content=\"HORN Bordplader\" \/>\n<meta property=\"article:modified_time\" content=\"2026-04-01T06:13:51+00:00\" \/>\n<meta property=\"og:image\" content=\"https:\/\/byhorn.com\/wp-content\/uploads\/2023\/09\/C0P2021.jpg\" \/>\n\t<meta property=\"og:image:width\" content=\"1000\" \/>\n\t<meta property=\"og:image:height\" content=\"667\" \/>\n\t<meta property=\"og:image:type\" content=\"image\/jpeg\" \/>\n<meta name=\"twitter:card\" content=\"summary_large_image\" \/>\n<meta name=\"twitter:label1\" content=\"Ansl. lesetid\" \/>\n\t<meta name=\"twitter:data1\" content=\"1 minutt\" \/>\n<script type=\"application\/ld+json\" class=\"yoast-schema-graph\">{\"@context\":\"https:\/\/schema.org\",\"@graph\":[{\"@type\":\"WebPage\",\"@id\":\"https:\/\/byhorn.com\/no\/\",\"url\":\"https:\/\/byhorn.com\/no\/\",\"name\":\"Forside - HORN Bordplader\",\"isPartOf\":{\"@id\":\"https:\/\/byhorn.com\/no\/#website\"},\"primaryImageOfPage\":{\"@id\":\"https:\/\/byhorn.com\/no\/#primaryimage\"},\"image\":{\"@id\":\"https:\/\/byhorn.com\/no\/#primaryimage\"},\"thumbnailUrl\":\"https:\/\/byhorn.com\/wp-content\/uploads\/2023\/09\/C0P2021.jpg\",\"datePublished\":\"2023-09-14T13:04:57+00:00\",\"dateModified\":\"2026-04-01T06:13:51+00:00\",\"description\":\"Bli inspirert til \u00e5 velge en benkeplate til ditt dr\u00f8mmekj\u00f8kken. Vi er totalleverand\u00f8r av benkeplater til kj\u00f8kkenet i h\u00f8y kvalitet med sertifiseringer.\",\"breadcrumb\":{\"@id\":\"https:\/\/byhorn.com\/no\/#breadcrumb\"},\"inLanguage\":\"nb-NO\",\"potentialAction\":[{\"@type\":\"ReadAction\",\"target\":[\"https:\/\/byhorn.com\/no\/\"]}]},{\"@type\":\"ImageObject\",\"inLanguage\":\"nb-NO\",\"@id\":\"https:\/\/byhorn.com\/no\/#primaryimage\",\"url\":\"https:\/\/byhorn.com\/wp-content\/uploads\/2023\/09\/C0P2021.jpg\",\"contentUrl\":\"https:\/\/byhorn.com\/wp-content\/uploads\/2023\/09\/C0P2021.jpg\",\"width\":1000,\"height\":667},{\"@type\":\"BreadcrumbList\",\"@id\":\"https:\/\/byhorn.com\/no\/#breadcrumb\",\"itemListElement\":[{\"@type\":\"ListItem\",\"position\":1,\"name\":\"Forside\",\"item\":\"https:\/\/byhorn.com\/no\/\"},{\"@type\":\"ListItem\",\"position\":2,\"name\":\"Forside\"}]},{\"@type\":\"WebSite\",\"@id\":\"https:\/\/byhorn.com\/no\/#website\",\"url\":\"https:\/\/byhorn.com\/no\/\",\"name\":\"HORN Bordplader\",\"description\":\"\",\"potentialAction\":[{\"@type\":\"SearchAction\",\"target\":{\"@type\":\"EntryPoint\",\"urlTemplate\":\"https:\/\/byhorn.com\/no\/?s={search_term_string}\"},\"query-input\":{\"@type\":\"PropertyValueSpecification\",\"valueRequired\":true,\"valueName\":\"search_term_string\"}}],\"inLanguage\":\"nb-NO\"}]}<\/script>\n<!-- \/ Yoast SEO plugin. -->","yoast_head_json":{"title":"Forside - HORN Bordplader","description":"Bli inspirert til \u00e5 velge en benkeplate til ditt dr\u00f8mmekj\u00f8kken. Vi er totalleverand\u00f8r av benkeplater til kj\u00f8kkenet i h\u00f8y kvalitet med sertifiseringer.","robots":{"index":"index","follow":"follow","max-snippet":"max-snippet:-1","max-image-preview":"max-image-preview:large","max-video-preview":"max-video-preview:-1"},"canonical":"https:\/\/byhorn.com\/no\/","og_locale":"nb_NO","og_type":"article","og_title":"Forside - HORN Bordplader","og_description":"Bli inspirert til \u00e5 velge en benkeplate til ditt dr\u00f8mmekj\u00f8kken. Vi er totalleverand\u00f8r av benkeplater til kj\u00f8kkenet i h\u00f8y kvalitet med sertifiseringer.","og_url":"https:\/\/byhorn.com\/no\/","og_site_name":"HORN Bordplader","article_modified_time":"2026-04-01T06:13:51+00:00","og_image":[{"width":1000,"height":667,"url":"https:\/\/byhorn.com\/wp-content\/uploads\/2023\/09\/C0P2021.jpg","type":"image\/jpeg"}],"twitter_card":"summary_large_image","twitter_misc":{"Ansl. lesetid":"1 minutt"},"schema":{"@context":"https:\/\/schema.org","@graph":[{"@type":"WebPage","@id":"https:\/\/byhorn.com\/no\/","url":"https:\/\/byhorn.com\/no\/","name":"Forside - HORN Bordplader","isPartOf":{"@id":"https:\/\/byhorn.com\/no\/#website"},"primaryImageOfPage":{"@id":"https:\/\/byhorn.com\/no\/#primaryimage"},"image":{"@id":"https:\/\/byhorn.com\/no\/#primaryimage"},"thumbnailUrl":"https:\/\/byhorn.com\/wp-content\/uploads\/2023\/09\/C0P2021.jpg","datePublished":"2023-09-14T13:04:57+00:00","dateModified":"2026-04-01T06:13:51+00:00","description":"Bli inspirert til \u00e5 velge en benkeplate til ditt dr\u00f8mmekj\u00f8kken. Vi er totalleverand\u00f8r av benkeplater til kj\u00f8kkenet i h\u00f8y kvalitet med sertifiseringer.","breadcrumb":{"@id":"https:\/\/byhorn.com\/no\/#breadcrumb"},"inLanguage":"nb-NO","potentialAction":[{"@type":"ReadAction","target":["https:\/\/byhorn.com\/no\/"]}]},{"@type":"ImageObject","inLanguage":"nb-NO","@id":"https:\/\/byhorn.com\/no\/#primaryimage","url":"https:\/\/byhorn.com\/wp-content\/uploads\/2023\/09\/C0P2021.jpg","contentUrl":"https:\/\/byhorn.com\/wp-content\/uploads\/2023\/09\/C0P2021.jpg","width":1000,"height":667},{"@type":"BreadcrumbList","@id":"https:\/\/byhorn.com\/no\/#breadcrumb","itemListElement":[{"@type":"ListItem","position":1,"name":"Forside","item":"https:\/\/byhorn.com\/no\/"},{"@type":"ListItem","position":2,"name":"Forside"}]},{"@type":"WebSite","@id":"https:\/\/byhorn.com\/no\/#website","url":"https:\/\/byhorn.com\/no\/","name":"HORN Bordplader","description":"","potentialAction":[{"@type":"SearchAction","target":{"@type":"EntryPoint","urlTemplate":"https:\/\/byhorn.com\/no\/?s={search_term_string}"},"query-input":{"@type":"PropertyValueSpecification","valueRequired":true,"valueName":"search_term_string"}}],"inLanguage":"nb-NO"}]}},"_links":{"self":[{"href":"https:\/\/byhorn.com\/no\/wp-json\/wp\/v2\/pages\/9208","targetHints":{"allow":["GET"]}}],"collection":[{"href":"https:\/\/byhorn.com\/no\/wp-json\/wp\/v2\/pages"}],"about":[{"href":"https:\/\/byhorn.com\/no\/wp-json\/wp\/v2\/types\/page"}],"author":[{"embeddable":true,"href":"https:\/\/byhorn.com\/no\/wp-json\/wp\/v2\/users\/2"}],"replies":[{"embeddable":true,"href":"https:\/\/byhorn.com\/no\/wp-json\/wp\/v2\/comments?post=9208"}],"version-history":[{"count":5,"href":"https:\/\/byhorn.com\/no\/wp-json\/wp\/v2\/pages\/9208\/revisions"}],"predecessor-version":[{"id":13775,"href":"https:\/\/byhorn.com\/no\/wp-json\/wp\/v2\/pages\/9208\/revisions\/13775"}],"wp:featuredmedia":[{"embeddable":true,"href":"https:\/\/byhorn.com\/no\/wp-json\/wp\/v2\/media\/8272"}],"wp:attachment":[{"href":"https:\/\/byhorn.com\/no\/wp-json\/wp\/v2\/media?parent=9208"}],"curies":[{"name":"wp","href":"https:\/\/api.w.org\/{rel}","templated":true}]}}